{"id":298,"date":"2023-09-22T13:39:41","date_gmt":"2023-09-22T13:39:41","guid":{"rendered":"https:\/\/www.gerloczy.com\/?page_id=298"},"modified":"2023-09-22T13:39:41","modified_gmt":"2023-09-22T13:39:41","slug":"gerloczy-kavehaz","status":"publish","type":"page","link":"https:\/\/www.gerloczy.com\/hu\/gerloczy-kavehaz\/","title":{"rendered":"Gerl\u00f3czy K\u00e1v\u00e9h\u00e1z"},"content":{"rendered":"<p>P\u00e1rizsi kit\u00e9r\u0151 Budapest sz\u00edv\u00e9ben.<\/p>\n<p>Nyitva minden nap 7.30-t\u00f3l 23 \u00f3r\u00e1ig.<\/p>\n<p>Men\u00fc:<\/p>\n<p>http:\/\/www.gerloczy.hu<\/p>\n","protected":false},"excerpt":{"rendered":"<p>P\u00e1rizsi kit\u00e9r\u0151 Budapest sz\u00edv\u00e9ben. Nyitva minden nap 7.30-t\u00f3l 23 \u00f3r\u00e1ig. Men\u00fc: http:\/\/www.gerloczy.hu<\/p>\n","protected":false},"author":132,"featured_media":0,"parent":0,"menu_order":20,"comment_status":"closed","ping_status":"closed","template":"template-restaurant.php","meta":{"footnotes":""},"class_list":["post-298","page","type-page","status-publish","hentry"],"yoast_head":"<!-- This site is optimized with the Yoast SEO plugin v26.9 - https:\/\/yoast.com\/product\/yoast-seo-wordpress\/ -->\n<title>Gerl\u00f3czy K\u00e1v\u00e9h\u00e1z - Gerl\u00f3czy Boutique Hotel -<\/title>\n<meta name=\"description\" content=\"P\u00e1rizsi kit\u00e9r\u0151 Budapest sz\u00edv\u00e9ben.  Nyitva minden nap 7.30-t\u00f3l 23 \u00f3r\u00e1ig.  Men\u00fc:  http:\/\/www.gerloczy.hu.\" \/>\n<meta name=\"robots\" content=\"index, follow, max-snippet:-1, max-image-preview:large, max-video-preview:-1\" \/>\n<link rel=\"canonical\" href=\"https:\/\/www.gerloczy.com\/hu\/gerloczy-kavehaz\/\" \/>\n<meta property=\"og:locale\" content=\"hu_HU\" \/>\n<meta property=\"og:type\" content=\"article\" \/>\n<meta property=\"og:title\" content=\"Gerl\u00f3czy K\u00e1v\u00e9h\u00e1z - Gerl\u00f3czy Boutique Hotel -\" \/>\n<meta property=\"og:description\" content=\"P\u00e1rizsi kit\u00e9r\u0151 Budapest sz\u00edv\u00e9ben.  Nyitva minden nap 7.30-t\u00f3l 23 \u00f3r\u00e1ig.  Men\u00fc:  http:\/\/www.gerloczy.hu.\" \/>\n<meta property=\"og:url\" content=\"https:\/\/www.gerloczy.com\/hu\/gerloczy-kavehaz\/\" \/>\n<meta property=\"og:site_name\" content=\"Gerl\u00f3czy Boutique Hotel\" \/>\n<meta name=\"twitter:card\" content=\"summary_large_image\" \/>\n<script type=\"application\/ld+json\" class=\"yoast-schema-graph\">{\"@context\":\"https:\/\/schema.org\",\"@graph\":[{\"@type\":\"WebPage\",\"@id\":\"https:\/\/www.gerloczy.com\/hu\/gerloczy-kavehaz\/\",\"url\":\"https:\/\/www.gerloczy.com\/hu\/gerloczy-kavehaz\/\",\"name\":\"Gerl\u00f3czy K\u00e1v\u00e9h\u00e1z - Gerl\u00f3czy Boutique Hotel -\",\"isPartOf\":{\"@id\":\"https:\/\/www.gerloczy.com\/hu\/#website\"},\"datePublished\":\"2023-09-22T13:39:41+00:00\",\"description\":\"P\u00e1rizsi kit\u00e9r\u0151 Budapest sz\u00edv\u00e9ben. Nyitva minden nap 7.30-t\u00f3l 23 \u00f3r\u00e1ig. Men\u00fc: http:\/\/www.gerloczy.hu.\",\"breadcrumb\":{\"@id\":\"https:\/\/www.gerloczy.com\/hu\/gerloczy-kavehaz\/#breadcrumb\"},\"inLanguage\":\"hu\",\"potentialAction\":[{\"@type\":\"ReadAction\",\"target\":[\"https:\/\/www.gerloczy.com\/hu\/gerloczy-kavehaz\/\"]}]},{\"@type\":\"BreadcrumbList\",\"@id\":\"https:\/\/www.gerloczy.com\/hu\/gerloczy-kavehaz\/#breadcrumb\",\"itemListElement\":[{\"@type\":\"ListItem\",\"position\":1,\"name\":\"Home\",\"item\":\"https:\/\/www.gerloczy.com\/hu\/\"},{\"@type\":\"ListItem\",\"position\":2,\"name\":\"Gerl\u00f3czy K\u00e1v\u00e9h\u00e1z\"}]},{\"@type\":\"WebSite\",\"@id\":\"https:\/\/www.gerloczy.com\/hu\/#website\",\"url\":\"https:\/\/www.gerloczy.com\/hu\/\",\"name\":\"Gerl\u00f3czy Boutique Hotel\",\"description\":\"Just another ms.decms.eu site\",\"potentialAction\":[{\"@type\":\"SearchAction\",\"target\":{\"@type\":\"EntryPoint\",\"urlTemplate\":\"https:\/\/www.gerloczy.com\/hu\/?s={search_term_string}\"},\"query-input\":{\"@type\":\"PropertyValueSpecification\",\"valueRequired\":true,\"valueName\":\"search_term_string\"}}],\"inLanguage\":\"hu\"}]}<\/script>\n<!-- \/ Yoast SEO plugin. -->","yoast_head_json":{"title":"Gerl\u00f3czy K\u00e1v\u00e9h\u00e1z - Gerl\u00f3czy Boutique Hotel -","description":"P\u00e1rizsi kit\u00e9r\u0151 Budapest sz\u00edv\u00e9ben.  Nyitva minden nap 7.30-t\u00f3l 23 \u00f3r\u00e1ig.  Men\u00fc:  http:\/\/www.gerloczy.hu.","robots":{"index":"index","follow":"follow","max-snippet":"max-snippet:-1","max-image-preview":"max-image-preview:large","max-video-preview":"max-video-preview:-1"},"canonical":"https:\/\/www.gerloczy.com\/hu\/gerloczy-kavehaz\/","og_locale":"hu_HU","og_type":"article","og_title":"Gerl\u00f3czy K\u00e1v\u00e9h\u00e1z - Gerl\u00f3czy Boutique Hotel -","og_description":"P\u00e1rizsi kit\u00e9r\u0151 Budapest sz\u00edv\u00e9ben.  Nyitva minden nap 7.30-t\u00f3l 23 \u00f3r\u00e1ig.  Men\u00fc:  http:\/\/www.gerloczy.hu.","og_url":"https:\/\/www.gerloczy.com\/hu\/gerloczy-kavehaz\/","og_site_name":"Gerl\u00f3czy Boutique Hotel","twitter_card":"summary_large_image","schema":{"@context":"https:\/\/schema.org","@graph":[{"@type":"WebPage","@id":"https:\/\/www.gerloczy.com\/hu\/gerloczy-kavehaz\/","url":"https:\/\/www.gerloczy.com\/hu\/gerloczy-kavehaz\/","name":"Gerl\u00f3czy K\u00e1v\u00e9h\u00e1z - Gerl\u00f3czy Boutique Hotel -","isPartOf":{"@id":"https:\/\/www.gerloczy.com\/hu\/#website"},"datePublished":"2023-09-22T13:39:41+00:00","description":"P\u00e1rizsi kit\u00e9r\u0151 Budapest sz\u00edv\u00e9ben. Nyitva minden nap 7.30-t\u00f3l 23 \u00f3r\u00e1ig. Men\u00fc: http:\/\/www.gerloczy.hu.","breadcrumb":{"@id":"https:\/\/www.gerloczy.com\/hu\/gerloczy-kavehaz\/#breadcrumb"},"inLanguage":"hu","potentialAction":[{"@type":"ReadAction","target":["https:\/\/www.gerloczy.com\/hu\/gerloczy-kavehaz\/"]}]},{"@type":"BreadcrumbList","@id":"https:\/\/www.gerloczy.com\/hu\/gerloczy-kavehaz\/#breadcrumb","itemListElement":[{"@type":"ListItem","position":1,"name":"Home","item":"https:\/\/www.gerloczy.com\/hu\/"},{"@type":"ListItem","position":2,"name":"Gerl\u00f3czy K\u00e1v\u00e9h\u00e1z"}]},{"@type":"WebSite","@id":"https:\/\/www.gerloczy.com\/hu\/#website","url":"https:\/\/www.gerloczy.com\/hu\/","name":"Gerl\u00f3czy Boutique Hotel","description":"Just another ms.decms.eu site","potentialAction":[{"@type":"SearchAction","target":{"@type":"EntryPoint","urlTemplate":"https:\/\/www.gerloczy.com\/hu\/?s={search_term_string}"},"query-input":{"@type":"PropertyValueSpecification","valueRequired":true,"valueName":"search_term_string"}}],"inLanguage":"hu"}]}},"acf":[],"_links":{"self":[{"href":"https:\/\/www.gerloczy.com\/hu\/wp-json\/wp\/v2\/pages\/298","targetHints":{"allow":["GET"]}}],"collection":[{"href":"https:\/\/www.gerloczy.com\/hu\/wp-json\/wp\/v2\/pages"}],"about":[{"href":"https:\/\/www.gerloczy.com\/hu\/wp-json\/wp\/v2\/types\/page"}],"author":[{"embeddable":true,"href":"https:\/\/www.gerloczy.com\/hu\/wp-json\/wp\/v2\/users\/132"}],"replies":[{"embeddable":true,"href":"https:\/\/www.gerloczy.com\/hu\/wp-json\/wp\/v2\/comments?post=298"}],"version-history":[{"count":0,"href":"https:\/\/www.gerloczy.com\/hu\/wp-json\/wp\/v2\/pages\/298\/revisions"}],"wp:attachment":[{"href":"https:\/\/www.gerloczy.com\/hu\/wp-json\/wp\/v2\/media?parent=298"}],"curies":[{"name":"wp","href":"https:\/\/api.w.org\/{rel}","templated":true}]}}