{"id":301,"date":"2023-09-22T14:01:34","date_gmt":"2023-09-22T14:01:34","guid":{"rendered":"https:\/\/www.gerloczy.com\/?page_id=301"},"modified":"2023-09-22T14:01:34","modified_gmt":"2023-09-22T14:01:34","slug":"kapcsolat","status":"publish","type":"page","link":"https:\/\/www.gerloczy.com\/hu\/kapcsolat\/","title":{"rendered":"Kapcsolat"},"content":{"rendered":"<p class=\"paragraph2\" style=\"text-align: center\">\n                <div class='gf_browser_gecko gform_wrapper' id='gform_wrapper_3' ><form method='post' enctype='multipart\/form-data'  id='gform_3'  action='\/hu\/wp-json\/wp\/v2\/pages\/301'>\n                        <div class='gform_heading'>\n                            <h3 class='gform_title'>Request Information<\/h3>\n                            <span class='gform_description'><\/span>\n                        <\/div>\n                        <div class='gform_body'><ul id='gform_fields_3' class='gform_fields top_label form_sublabel_below description_below'><li id='field_3_1'  class='gfield gfield_contains_required field_sublabel_below field_description_below gfield_visibility_visible' ><label class='gfield_label gfield_label_before_complex'  >Name &amp; Surname<span class='gfield_required'>*<\/span><\/label><div class='ginput_complex ginput_container no_prefix has_first_name no_middle_name has_last_name no_suffix gf_name_has_2 ginput_container_name' id='input_3_1'>\n                            \n                            <span id='input_3_1_3_container' class='name_first' >\n                                                    <input type='text' name='input_1.3' id='input_3_1_3' value='' aria-label='First name'   aria-required=\"true\" aria-invalid=\"false\" \/>\n                                                    <label for='input_3_1_3' >Name<\/label>\n                                                <\/span>\n                            \n                            <span id='input_3_1_6_container' class='name_last' >\n                                                    <input type='text' name='input_1.6' id='input_3_1_6' value='' aria-label='Last name'   aria-required=\"true\" aria-invalid=\"false\" \/>\n                                                    <label for='input_3_1_6' >Surname<\/label>\n                                                <\/span>\n                            \n                        <\/div><\/li><li id='field_3_3'  class='gfield email gfield_contains_required field_sublabel_below field_description_below gfield_visibility_visible' ><label class='gfield_label' for='input_3_3' >E-mail<span class='gfield_required'>*<\/span><\/label><div class='ginput_container ginput_container_email'>\n                            <input name='input_3' id='input_3_3' type='text' value='' class='medium'    aria-required=\"true\" aria-invalid=\"false\" \/>\n                        <\/div><\/li><li id='field_3_4'  class='gfield phone field_sublabel_below field_description_below gfield_visibility_visible' ><label class='gfield_label' for='input_3_4' >Phone Number<\/label><div class='ginput_container ginput_container_phone'><input name='input_4' id='input_3_4' type='text' value='' class='medium'    aria-invalid=\"false\"  \/><\/div><\/li><li id='field_3_5'  class='gfield gfield_contains_required field_sublabel_below field_description_below gfield_visibility_visible' ><label class='gfield_label' for='input_3_5' >Message<span class='gfield_required'>*<\/span><\/label><div class='ginput_container ginput_container_textarea'><textarea name='input_5' id='input_3_5' class='textarea medium'    placeholder='Leave a message..' aria-required=\"true\" aria-invalid=\"false\"   rows='10' cols='50'><\/textarea><\/div><\/li><li id='field_3_6'  class='gfield gfield_contains_required field_sublabel_below field_description_below gfield_visibility_visible' ><label class='gfield_label'  >Consent<span class='gfield_required'>*<\/span><\/label><div class='ginput_container ginput_container_consent'><input name='input_6.1' id='input_3_6_1' type='checkbox' value='1'   aria-required=\"true\" aria-invalid=\"false\"   \/> <label class=\"gfield_consent_label\" for='input_3_6_1' >I agree to the privacy policy.<\/label><input type='hidden' name='input_6.2' value='I agree to the privacy policy.' class='gform_hidden' \/><input type='hidden' name='input_6.3' value='5' class='gform_hidden' \/><\/div><\/li><li id='field_3_7'  class='gfield field_sublabel_below field_description_below gfield_visibility_visible' ><label class='gfield_label' for='input_3_7' >CAPTCHA<\/label><div id='input_3_7' class='ginput_container ginput_recaptcha' data-sitekey='6Ld3ZnknAAAAAGilU6EzJaBl9dB7Hkis40UUF4-Q'  data-theme='light' data-tabindex='0'  data-badge=''><\/div><\/li><li id='field_3_8'  class='gfield gform_validation_container field_sublabel_below field_description_below gfield_visibility_visible' ><label class='gfield_label' for='input_3_8' >Name<\/label><div class='ginput_container'><input name='input_8' id='input_3_8' type='text' value='' \/><\/div><div class='gfield_description' id='gfield_description_3_8'>Ez a mez\u0151 az \u00e9rv\u00e9nyes\u00edt\u00e9shez van \u00e9s \u00fcresen kell hagyni.<\/div><\/li>\n                            <\/ul><\/div>\n        <div class='gform_footer top_label'> <input type='submit' id='gform_submit_button_3' class='gform_button button' value='Submit'  onclick='if(window[\"gf_submitting_3\"]){return false;}  window[\"gf_submitting_3\"]=true;  ' onkeypress='if( event.keyCode == 13 ){ if(window[\"gf_submitting_3\"]){return false;} window[\"gf_submitting_3\"]=true;  jQuery(\"#gform_3\").trigger(\"submit\",[true]); }' \/> \n            <input type='hidden' class='gform_hidden' name='is_submit_3' value='1' \/>\n            <input type='hidden' class='gform_hidden' name='gform_submit' value='3' \/>\n            \n            <input type='hidden' class='gform_hidden' name='gform_unique_id' value='' \/>\n            <input type='hidden' class='gform_hidden' name='state_3' value='WyJbXSIsIjMzYmYyMWNkYTJhNzA4YTM1YzdlNzFmY2RiNzcyYTQwIl0=' \/>\n            <input type='hidden' class='gform_hidden' name='gform_target_page_number_3' id='gform_target_page_number_3' value='0' \/>\n            <input type='hidden' class='gform_hidden' name='gform_source_page_number_3' id='gform_source_page_number_3' value='1' \/>\n            <input type='hidden' name='gform_field_values' value='' \/>\n            \n        <\/div>\n                        <\/form>\n                        <\/div><\/p>\n<p class=\"paragraph2\" style=\"text-align: center\">1052 Budapest, Gerl\u00f3czy u. 1.<\/p>\n<p class=\"paragraph2\" style=\"text-align: center\">Tel: (36) (1)\u00a0501-4000<br \/>\nEmail: info@gerloczy.com<\/p>\n<p style=\"text-align: center\">NTAK regisztr\u00e1ci\u00f3s sz\u00e1m: SZ21028580<\/p>\n<p>&nbsp;<\/p>\n<h4 class=\"title3\" style=\"text-align: center\"><\/h4>\n<p class=\"paragraph2\" style=\"text-align: center\">\n","protected":false},"excerpt":{"rendered":"<p>1052 Budapest, Gerl\u00f3czy u. 1. Tel: (36) (1)\u00a0501-4000 Email: info@gerloczy.com NTAK regisztr\u00e1ci\u00f3s sz\u00e1m: SZ21028580 &nbsp;<\/p>\n","protected":false},"author":132,"featured_media":0,"parent":0,"menu_order":40,"comment_status":"closed","ping_status":"closed","template":"template-location.php","meta":{"footnotes":""},"class_list":["post-301","page","type-page","status-publish","hentry"],"yoast_head":"<!-- This site is optimized with the Yoast SEO plugin v26.9 - https:\/\/yoast.com\/product\/yoast-seo-wordpress\/ -->\n<title>Kapcsolat - Gerl\u00f3czy Boutique Hotel -<\/title>\n<meta name=\"description\" content=\"[gravityform id=&quot;3&quot; title=&quot;true&quot; description=&quot;true&quot;] 1052 Budapest, Gerl\u00f3czy u. 1. Tel: (36) (1)\u00a0501-4000 Email: info@gerloczy.com NTAK regisztr\u00e1ci\u00f3s sz\u00e1m: SZ21028580 &nbsp;\" \/>\n<meta name=\"robots\" content=\"index, follow, max-snippet:-1, max-image-preview:large, max-video-preview:-1\" \/>\n<link rel=\"canonical\" href=\"https:\/\/www.gerloczy.com\/hu\/kapcsolat\/\" \/>\n<meta property=\"og:locale\" content=\"hu_HU\" \/>\n<meta property=\"og:type\" content=\"article\" \/>\n<meta property=\"og:title\" content=\"Kapcsolat - Gerl\u00f3czy Boutique Hotel -\" \/>\n<meta property=\"og:description\" content=\"[gravityform id=&quot;3&quot; title=&quot;true&quot; description=&quot;true&quot;] 1052 Budapest, Gerl\u00f3czy u. 1. Tel: (36) (1)\u00a0501-4000 Email: info@gerloczy.com NTAK regisztr\u00e1ci\u00f3s sz\u00e1m: SZ21028580 &nbsp;\" \/>\n<meta property=\"og:url\" content=\"https:\/\/www.gerloczy.com\/hu\/kapcsolat\/\" \/>\n<meta property=\"og:site_name\" content=\"Gerl\u00f3czy Boutique Hotel\" \/>\n<meta name=\"twitter:card\" content=\"summary_large_image\" \/>\n<script type=\"application\/ld+json\" class=\"yoast-schema-graph\">{\"@context\":\"https:\/\/schema.org\",\"@graph\":[{\"@type\":\"WebPage\",\"@id\":\"https:\/\/www.gerloczy.com\/hu\/kapcsolat\/\",\"url\":\"https:\/\/www.gerloczy.com\/hu\/kapcsolat\/\",\"name\":\"Kapcsolat - Gerl\u00f3czy Boutique Hotel -\",\"isPartOf\":{\"@id\":\"https:\/\/www.gerloczy.com\/hu\/#website\"},\"datePublished\":\"2023-09-22T14:01:34+00:00\",\"description\":\"[gravityform id=\\\"3\\\" title=\\\"true\\\" description=\\\"true\\\"] 1052 Budapest, Gerl\u00f3czy u. 1. Tel: (36) (1)\u00a0501-4000 Email: info@gerloczy.com NTAK regisztr\u00e1ci\u00f3s sz\u00e1m: SZ21028580 &nbsp;\",\"breadcrumb\":{\"@id\":\"https:\/\/www.gerloczy.com\/hu\/kapcsolat\/#breadcrumb\"},\"inLanguage\":\"hu\",\"potentialAction\":[{\"@type\":\"ReadAction\",\"target\":[\"https:\/\/www.gerloczy.com\/hu\/kapcsolat\/\"]}]},{\"@type\":\"BreadcrumbList\",\"@id\":\"https:\/\/www.gerloczy.com\/hu\/kapcsolat\/#breadcrumb\",\"itemListElement\":[{\"@type\":\"ListItem\",\"position\":1,\"name\":\"Home\",\"item\":\"https:\/\/www.gerloczy.com\/hu\/\"},{\"@type\":\"ListItem\",\"position\":2,\"name\":\"Kapcsolat\"}]},{\"@type\":\"WebSite\",\"@id\":\"https:\/\/www.gerloczy.com\/hu\/#website\",\"url\":\"https:\/\/www.gerloczy.com\/hu\/\",\"name\":\"Gerl\u00f3czy Boutique Hotel\",\"description\":\"Just another ms.decms.eu site\",\"potentialAction\":[{\"@type\":\"SearchAction\",\"target\":{\"@type\":\"EntryPoint\",\"urlTemplate\":\"https:\/\/www.gerloczy.com\/hu\/?s={search_term_string}\"},\"query-input\":{\"@type\":\"PropertyValueSpecification\",\"valueRequired\":true,\"valueName\":\"search_term_string\"}}],\"inLanguage\":\"hu\"}]}<\/script>\n<!-- \/ Yoast SEO plugin. -->","yoast_head_json":{"title":"Kapcsolat - Gerl\u00f3czy Boutique Hotel -","description":"[gravityform id=\"3\" title=\"true\" description=\"true\"] 1052 Budapest, Gerl\u00f3czy u. 1. Tel: (36) (1)\u00a0501-4000 Email: info@gerloczy.com NTAK regisztr\u00e1ci\u00f3s sz\u00e1m: SZ21028580 &nbsp;","robots":{"index":"index","follow":"follow","max-snippet":"max-snippet:-1","max-image-preview":"max-image-preview:large","max-video-preview":"max-video-preview:-1"},"canonical":"https:\/\/www.gerloczy.com\/hu\/kapcsolat\/","og_locale":"hu_HU","og_type":"article","og_title":"Kapcsolat - Gerl\u00f3czy Boutique Hotel -","og_description":"[gravityform id=\"3\" title=\"true\" description=\"true\"] 1052 Budapest, Gerl\u00f3czy u. 1. Tel: (36) (1)\u00a0501-4000 Email: info@gerloczy.com NTAK regisztr\u00e1ci\u00f3s sz\u00e1m: SZ21028580 &nbsp;","og_url":"https:\/\/www.gerloczy.com\/hu\/kapcsolat\/","og_site_name":"Gerl\u00f3czy Boutique Hotel","twitter_card":"summary_large_image","schema":{"@context":"https:\/\/schema.org","@graph":[{"@type":"WebPage","@id":"https:\/\/www.gerloczy.com\/hu\/kapcsolat\/","url":"https:\/\/www.gerloczy.com\/hu\/kapcsolat\/","name":"Kapcsolat - Gerl\u00f3czy Boutique Hotel -","isPartOf":{"@id":"https:\/\/www.gerloczy.com\/hu\/#website"},"datePublished":"2023-09-22T14:01:34+00:00","description":"[gravityform id=\"3\" title=\"true\" description=\"true\"] 1052 Budapest, Gerl\u00f3czy u. 1. Tel: (36) (1)\u00a0501-4000 Email: info@gerloczy.com NTAK regisztr\u00e1ci\u00f3s sz\u00e1m: SZ21028580 &nbsp;","breadcrumb":{"@id":"https:\/\/www.gerloczy.com\/hu\/kapcsolat\/#breadcrumb"},"inLanguage":"hu","potentialAction":[{"@type":"ReadAction","target":["https:\/\/www.gerloczy.com\/hu\/kapcsolat\/"]}]},{"@type":"BreadcrumbList","@id":"https:\/\/www.gerloczy.com\/hu\/kapcsolat\/#breadcrumb","itemListElement":[{"@type":"ListItem","position":1,"name":"Home","item":"https:\/\/www.gerloczy.com\/hu\/"},{"@type":"ListItem","position":2,"name":"Kapcsolat"}]},{"@type":"WebSite","@id":"https:\/\/www.gerloczy.com\/hu\/#website","url":"https:\/\/www.gerloczy.com\/hu\/","name":"Gerl\u00f3czy Boutique Hotel","description":"Just another ms.decms.eu site","potentialAction":[{"@type":"SearchAction","target":{"@type":"EntryPoint","urlTemplate":"https:\/\/www.gerloczy.com\/hu\/?s={search_term_string}"},"query-input":{"@type":"PropertyValueSpecification","valueRequired":true,"valueName":"search_term_string"}}],"inLanguage":"hu"}]}},"acf":[],"_links":{"self":[{"href":"https:\/\/www.gerloczy.com\/hu\/wp-json\/wp\/v2\/pages\/301","targetHints":{"allow":["GET"]}}],"collection":[{"href":"https:\/\/www.gerloczy.com\/hu\/wp-json\/wp\/v2\/pages"}],"about":[{"href":"https:\/\/www.gerloczy.com\/hu\/wp-json\/wp\/v2\/types\/page"}],"author":[{"embeddable":true,"href":"https:\/\/www.gerloczy.com\/hu\/wp-json\/wp\/v2\/users\/132"}],"replies":[{"embeddable":true,"href":"https:\/\/www.gerloczy.com\/hu\/wp-json\/wp\/v2\/comments?post=301"}],"version-history":[{"count":0,"href":"https:\/\/www.gerloczy.com\/hu\/wp-json\/wp\/v2\/pages\/301\/revisions"}],"wp:attachment":[{"href":"https:\/\/www.gerloczy.com\/hu\/wp-json\/wp\/v2\/media?parent=301"}],"curies":[{"name":"wp","href":"https:\/\/api.w.org\/{rel}","templated":true}]}}